{"id":6991,"date":"2025-04-12T10:17:49","date_gmt":"2025-04-12T07:17:49","guid":{"rendered":"https:\/\/ildaypsikoloji.com\/?page_id=6991"},"modified":"2025-04-12T10:23:21","modified_gmt":"2025-04-12T07:23:21","slug":"randevu","status":"publish","type":"page","link":"https:\/\/ildaypsikoloji.com\/index.php\/randevu\/","title":{"rendered":"Randevu"},"content":{"rendered":"\t\t<div data-elementor-type=\"wp-page\" data-elementor-id=\"6991\" class=\"elementor elementor-6991\">\n\t\t\t\t<div class=\"elementor-element elementor-element-48d750b e-flex e-con-boxed e-con e-parent\" data-id=\"48d750b\" data-element_type=\"container\" data-e-type=\"container\">\n\t\t\t\t\t<div class=\"e-con-inner\">\n\t\t\t\t<div class=\"elementor-element elementor-element-011eea4 elementor-widget elementor-widget-html\" data-id=\"011eea4\" data-element_type=\"widget\" data-e-type=\"widget\" data-widget_type=\"html.default\">\n\t\t\t\t<div class=\"elementor-widget-container\">\n\t\t\t\t\t<a href=\"https:\/\/www.doktorsitesi.com\/ilkay-yildiz\/psikolojik-danisman\/adana\" data-ds-id=\"1881847\" data-ds-type=\"2\" data-ds-widget=\"https:\/\/\/\/www.doktorsitesi.com\/site-bileseni\/v2\/gelismis\/1881847\" class=\"link\">Uzm. Psk. Dan. \u0130lkay Y\u0131ld\u0131z<\/a><script>!function (d, s, id){var js, dsjs=d.getElementsByTagName(s)[0]; if (!d.getElementById(id)){js=d.createElement(s); js.id=id; js.src=\"https:\/\/www.doktorsitesi.com\/assets\/widget.js\"; dsjs.parentNode.insertBefore(js, dsjs);}}(document, \"script\", \"doktorsitesi-wjs\");<\/script>\t\t\t\t<\/div>\n\t\t\t\t<\/div>\n\t\t\t\t\t<\/div>\n\t\t\t\t<\/div>\n\t\t\t\t<\/div>\n\t\t","protected":false},"excerpt":{"rendered":"<p>Uzm. Psk. Dan. \u0130lkay Y\u0131ld\u0131z<\/p>\n","protected":false},"author":1,"featured_media":0,"parent":0,"menu_order":0,"comment_status":"closed","ping_status":"closed","template":"","meta":{"footnotes":""},"class_list":["post-6991","page","type-page","status-publish","hentry"],"_links":{"self":[{"href":"https:\/\/ildaypsikoloji.com\/index.php\/wp-json\/wp\/v2\/pages\/6991","targetHints":{"allow":["GET"]}}],"collection":[{"href":"https:\/\/ildaypsikoloji.com\/index.php\/wp-json\/wp\/v2\/pages"}],"about":[{"href":"https:\/\/ildaypsikoloji.com\/index.php\/wp-json\/wp\/v2\/types\/page"}],"author":[{"embeddable":true,"href":"https:\/\/ildaypsikoloji.com\/index.php\/wp-json\/wp\/v2\/users\/1"}],"replies":[{"embeddable":true,"href":"https:\/\/ildaypsikoloji.com\/index.php\/wp-json\/wp\/v2\/comments?post=6991"}],"version-history":[{"count":4,"href":"https:\/\/ildaypsikoloji.com\/index.php\/wp-json\/wp\/v2\/pages\/6991\/revisions"}],"predecessor-version":[{"id":6995,"href":"https:\/\/ildaypsikoloji.com\/index.php\/wp-json\/wp\/v2\/pages\/6991\/revisions\/6995"}],"wp:attachment":[{"href":"https:\/\/ildaypsikoloji.com\/index.php\/wp-json\/wp\/v2\/media?parent=6991"}],"curies":[{"name":"wp","href":"https:\/\/api.w.org\/{rel}","templated":true}]}}